{"id":3453,"date":"2026-04-01T18:18:55","date_gmt":"2026-04-01T17:18:55","guid":{"rendered":"https:\/\/rdcreation.ovh\/?page_id=3453"},"modified":"2026-04-01T18:37:16","modified_gmt":"2026-04-01T17:37:16","slug":"a-propos-de-moi-2","status":"publish","type":"page","link":"https:\/\/rdcreation.ovh\/?page_id=3453","title":{"rendered":"A PROPOS DE MOI 2"},"content":{"rendered":"\t\t<div data-elementor-type=\"wp-page\" data-elementor-id=\"3453\" class=\"elementor elementor-3453\">\n\t\t\t\t<div class=\"elementor-element elementor-element-27b3429 e-flex e-con-boxed e-con e-parent\" data-id=\"27b3429\" data-element_type=\"container\" data-e-type=\"container\">\n\t\t\t\t\t<div class=\"e-con-inner\">\n\t\t<div class=\"elementor-element elementor-element-b6f01da e-con-full e-flex e-con e-child\" data-id=\"b6f01da\" data-element_type=\"container\" data-e-type=\"container\">\n\t\t\t\t<div class=\"elementor-element elementor-element-0c24b21 elementor-widget elementor-widget-qi_addons_for_elementor_image_slider\" data-id=\"0c24b21\" data-element_type=\"widget\" data-e-type=\"widget\" data-widget_type=\"qi_addons_for_elementor_image_slider.default\">\n\t\t\t\t<div class=\"elementor-widget-container\">\n\t\t\t\t\t<div class=\"qodef-shortcode qodef-m qodef-qi-image-slider qodef-qi-fslightbox-popup qodef-popup-gallery qodef-col-num--1 qodef-qi-grid qodef-qi-swiper-container qodef-navigation--inside qodef-pagination--inside qodef-navigation--hover-move\" data-options=\"{&quot;direction&quot;:&quot;horizontal&quot;,&quot;slidesPerView&quot;:&quot;1&quot;,&quot;spaceBetween&quot;:30,&quot;spaceBetweenTablet&quot;:30,&quot;spaceBetweenMobile&quot;:30,&quot;effect&quot;:&quot;slide&quot;,&quot;loop&quot;:true,&quot;autoplay&quot;:true,&quot;centeredSlides&quot;:false,&quot;speed&quot;:&quot;&quot;,&quot;speedAnimation&quot;:&quot;&quot;,&quot;outsideNavigation&quot;:&quot;no&quot;,&quot;outsidePagination&quot;:&quot;no&quot;,&quot;unique&quot;:744,&quot;partialValue&quot;:0,&quot;disablePartialValue&quot;:&quot;&quot;,&quot;parallax&quot;:&quot;no&quot;}\">\n\t<div class=\"swiper-wrapper\">\n\t\t<div class=\"qodef-e swiper-slide\">\n\t<div class=\"qodef-e-inner\">\n\t\t<div class=\"qodef-e-inner-holder\">\n\t\t\t\t\t\t\t<a class=\"qodef-popup-item\" itemprop=\"image\" href=\"https:\/\/rdcreation.ovh\/wp-content\/uploads\/2020\/05\/landing-home-1.jpg\" data-type=\"image\" data-fslightbox=\"gallery-744\" data-e-disable-page-transition=\u201dtrue\u201d>\n\t\t\t\t\t\t\t<img fetchpriority=\"high\" decoding=\"async\" width=\"800\" height=\"1050\" src=\"https:\/\/rdcreation.ovh\/wp-content\/uploads\/2020\/05\/landing-home-1.jpg\" class=\"attachment-full size-full\" alt=\"s\" srcset=\"https:\/\/rdcreation.ovh\/wp-content\/uploads\/2020\/05\/landing-home-1.jpg 800w, https:\/\/rdcreation.ovh\/wp-content\/uploads\/2020\/05\/landing-home-1-600x788.jpg 600w, https:\/\/rdcreation.ovh\/wp-content\/uploads\/2020\/05\/landing-home-1-229x300.jpg 229w, https:\/\/rdcreation.ovh\/wp-content\/uploads\/2020\/05\/landing-home-1-780x1024.jpg 780w, https:\/\/rdcreation.ovh\/wp-content\/uploads\/2020\/05\/landing-home-1-768x1008.jpg 768w\" sizes=\"(max-width: 800px) 100vw, 800px\" \/>\t\t\t\t\t\t\t<\/a>\n\t\t\t\t\t<\/div>\n\t<\/div>\n\t<\/div>\n<div class=\"qodef-e swiper-slide\">\n\t<div class=\"qodef-e-inner\">\n\t\t<div class=\"qodef-e-inner-holder\">\n\t\t\t\t\t\t\t<a class=\"qodef-popup-item\" itemprop=\"image\" href=\"https:\/\/rdcreation.ovh\/wp-content\/uploads\/2020\/05\/landing-home-7.jpg\" data-type=\"image\" data-fslightbox=\"gallery-744\" data-e-disable-page-transition=\u201dtrue\u201d>\n\t\t\t\t\t\t\t<img decoding=\"async\" width=\"800\" height=\"1050\" src=\"https:\/\/rdcreation.ovh\/wp-content\/uploads\/2020\/05\/landing-home-7.jpg\" class=\"attachment-full size-full\" alt=\"s\" srcset=\"https:\/\/rdcreation.ovh\/wp-content\/uploads\/2020\/05\/landing-home-7.jpg 800w, https:\/\/rdcreation.ovh\/wp-content\/uploads\/2020\/05\/landing-home-7-600x788.jpg 600w, https:\/\/rdcreation.ovh\/wp-content\/uploads\/2020\/05\/landing-home-7-229x300.jpg 229w, https:\/\/rdcreation.ovh\/wp-content\/uploads\/2020\/05\/landing-home-7-780x1024.jpg 780w, https:\/\/rdcreation.ovh\/wp-content\/uploads\/2020\/05\/landing-home-7-768x1008.jpg 768w\" sizes=\"(max-width: 800px) 100vw, 800px\" \/>\t\t\t\t\t\t\t<\/a>\n\t\t\t\t\t<\/div>\n\t<\/div>\n\t<\/div>\n\t<\/div>\n\t\t<div class=\"swiper-button-prev\"><svg class=\"qodef-swiper-arrow-left\" xmlns=\"http:\/\/www.w3.org\/2000\/svg\" x=\"0px\" y=\"0px\" viewBox=\"0 0 34.2 32.3\" xml:space=\"preserve\" style=\"stroke-width: 2;\"><line x1=\"0.5\" y1=\"16\" x2=\"33.5\" y2=\"16\"\/><line x1=\"0.3\" y1=\"16.5\" x2=\"16.2\" y2=\"0.7\"\/><line x1=\"0\" y1=\"15.4\" x2=\"16.2\" y2=\"31.6\"\/><\/svg><\/div>\n\t<div class=\"swiper-button-next\"><svg class=\"qodef-swiper-arrow-right\" xmlns=\"http:\/\/www.w3.org\/2000\/svg\" x=\"0px\" y=\"0px\" viewBox=\"0 0 34.2 32.3\" xml:space=\"preserve\" style=\"stroke-width: 2;\"><line x1=\"0\" y1=\"16\" x2=\"33\" y2=\"16\"\/><line x1=\"17.3\" y1=\"0.7\" x2=\"33.2\" y2=\"16.5\"\/><line x1=\"17.3\" y1=\"31.6\" x2=\"33.5\" y2=\"15.4\"\/><\/svg><\/div>\n\t<div class=\"swiper-pagination\"><\/div>\n<\/div>\n\t\t\t\t<\/div>\n\t\t\t\t<\/div>\n\t\t\t\t<\/div>\n\t\t<div class=\"elementor-element elementor-element-c951c07 e-con-full e-flex e-con e-child\" data-id=\"c951c07\" data-element_type=\"container\" data-e-type=\"container\">\n\t\t\t\t<div class=\"elementor-element elementor-element-11a4209 elementor-widget elementor-widget-qi_addons_for_elementor_section_title\" data-id=\"11a4209\" data-element_type=\"widget\" data-e-type=\"widget\" data-widget_type=\"qi_addons_for_elementor_section_title.default\">\n\t\t\t\t<div class=\"elementor-widget-container\">\n\t\t\t\t\t<div class=\"qodef-shortcode qodef-m qodef-qi-section-title qodef-decoration--italic qodef-link--underline-draw qodef-subtitle-icon--left\">\n\t\t\t\t<h6 class=\"qodef-m-subtitle\">\n\t\tVAL\u00c9RIE R\u00c9CHER\t\t\t<\/h6>\n\t\t\t<h2 class=\"qodef-m-title\">\n\t\tMON M\u00c9TIER en quelques mots\t<\/h2>\n\t\t\t<div class=\"qodef-m-text\"><p>Ce m\u00e9tier est plus qu\u2019un choix, il s\u2019est impos\u00e9 \u00e0 moi. Ce n\u2019est que le prolongement de l\u2019histoire d\u2019une enfant qui ne manquait aucune occasion d\u2019observer et d\u2019\u00e9tudier \u00e0 sa mani\u00e8re le comportement de tous les animaux qui croisaient sa route\u2026 puis de l\u2019observation est venu le d\u00e9sir de communiquer et d\u2019interagir avec ce monde animal.<\/p><p>J\u2019ai travaill\u00e9 pendant 15 ans comme co-g\u00e9rante de la soci\u00e9t\u00e9 Vol en Sc\u00e8ne \u00e0 Chauvigny dans la Vienne\u2026 J\u2019y ai forg\u00e9 mon exp\u00e9rience de dresseur animalier et de chef d\u2019entreprise. Du spectacle vivant aux plateaux de cin\u00e9ma, la grande diversit\u00e9 des activit\u00e9s pratiqu\u00e9es m\u2019ont permis d\u2019adapter mes techniques de dressage \u00e0 ces diff\u00e9rents univers.<\/p><p><br \/>Aujourd\u2019hui ma sp\u00e9cialit\u00e9 reste le dressage d\u2019oiseaux : rapaces, perroquets, cigognes mais \u00e9galement corbeaux, poules, pigeons parmi le grand nombre d\u2019esp\u00e8ces avec lesquelles j\u2019ai eu la chance de travailler.<\/p><p>Que ce soit pour un tournage de film, un shooting photo ou une pr\u00e9sentation \u00e9v\u00e8nementielle, chaque nouveau projet est un moyen de tester la communication et la relation de confiance que j\u2019ai \u00e9tablie avec mes animaux tout en \u00e9tant garant de leur bien-\u00eatre.<\/p><\/div>\n\t<\/div>\n\t\t\t\t<\/div>\n\t\t\t\t<\/div>\n\t\t\t\t<\/div>\n\t\t\t\t\t<\/div>\n\t\t\t\t<\/div>\n\t\t<div class=\"elementor-element elementor-element-99c8491 e-flex e-con-boxed e-con e-parent\" data-id=\"99c8491\" data-element_type=\"container\" data-e-type=\"container\">\n\t\t\t\t\t<div class=\"e-con-inner\">\n\t\t\t\t<div class=\"elementor-element elementor-element-5403f5d elementor-widget-divider--view-line elementor-widget elementor-widget-divider\" data-id=\"5403f5d\" data-element_type=\"widget\" data-e-type=\"widget\" data-widget_type=\"divider.default\">\n\t\t\t\t\t\t\t<div class=\"elementor-divider\">\n\t\t\t<span class=\"elementor-divider-separator\">\n\t\t\t\t\t\t<\/span>\n\t\t<\/div>\n\t\t\t\t\t\t<\/div>\n\t\t\t\t\t<\/div>\n\t\t\t\t<\/div>\n\t\t\t\t<section class=\"elementor-section elementor-top-section elementor-element elementor-element-6ac7d20d elementor-section-full_width elementor-section-height-default elementor-section-height-default qodef-elementor-content-no\" data-id=\"6ac7d20d\" data-element_type=\"section\" data-e-type=\"section\">\n\t\t\t\t\t\t<div class=\"elementor-container elementor-column-gap-no\">\n\t\t\t\t\t<div class=\"elementor-column elementor-col-50 elementor-top-column elementor-element elementor-element-69ca5eeb\" data-id=\"69ca5eeb\" data-element_type=\"column\" data-e-type=\"column\" data-settings=\"{&quot;background_background&quot;:&quot;classic&quot;}\">\n\t\t\t<div class=\"elementor-widget-wrap elementor-element-populated\">\n\t\t\t\t\t\t<div class=\"elementor-element elementor-element-343ec926 elementor-widget elementor-widget-pelicula_core_section_title\" data-id=\"343ec926\" data-element_type=\"widget\" data-e-type=\"widget\" data-widget_type=\"pelicula_core_section_title.default\">\n\t\t\t\t<div class=\"elementor-widget-container\">\n\t\t\t\t\t<div class=\"qodef-shortcode qodef-m qodef-section-title qodef-alignment--left\" data-holder-options=\"{&quot;line-breaks&quot;:&quot;&quot;}\">\n\t\t<h6 class=\"qodef-m-tagline\" style=\"color: #A6A6A6\">\n\t\tASSOCIATION\t<\/h6>\n\t    \t<h3 class=\"qodef-m-title\" style=\"color: #FFFFFF\">\n\t\t\tAdh\u00e9rente \u00e0 la Charte C.A.P.A pour le Bien \u00catre Animal\t<\/h3>\n    \t\t<p class=\"qodef-m-text\" style=\"color: rgba(255, 255, 255, 0.7019607843137254)\">Lorem ipsum dolor sit amet, consectetur adipisicing elit, sed do eiusmod tempor incididunt ut labore et dolore magna aliqua. Ut enim ad minim <\/p>\n<\/div>\t\t\t\t<\/div>\n\t\t\t\t<\/div>\n\t\t\t\t<div class=\"elementor-element elementor-element-276d5d6d elementor-widget elementor-widget-pelicula_core_button\" data-id=\"276d5d6d\" data-element_type=\"widget\" data-e-type=\"widget\" data-widget_type=\"pelicula_core_button.default\">\n\t\t\t\t<div class=\"elementor-widget-container\">\n\t\t\t\t\t<a class=\"qodef-shortcode qodef-m qodef-button qodef-layout--filled qodef-html--link\" href=\"https:\/\/pelicula.qodeinteractive.com\/portfolio-item\/hueco-mundo\/\" target=\"_self\" data-hover-color=\"#FFFFFF\" data-background-color=\"#FFFFFF\" data-hover-border-color=\"#FFFFFF\" style=\"color: #111111;background-color: #FFFFFF;border-color: #FFFFFF\">\n\t<span class=\"qodef-m-text\">D\u00c9COUVRIR CAPA<\/span>\n<\/a>\t\t\t\t<\/div>\n\t\t\t\t<\/div>\n\t\t\t\t\t<\/div>\n\t\t<\/div>\n\t\t\t\t<div class=\"elementor-column elementor-col-50 elementor-top-column elementor-element elementor-element-4e8fdfa1\" data-id=\"4e8fdfa1\" data-element_type=\"column\" data-e-type=\"column\">\n\t\t\t<div class=\"elementor-widget-wrap elementor-element-populated\">\n\t\t\t\t\t\t<div class=\"elementor-element elementor-element-ac3436a elementor-widget__width-inherit elementor-widget elementor-widget-image\" data-id=\"ac3436a\" data-element_type=\"widget\" data-e-type=\"widget\" data-widget_type=\"image.default\">\n\t\t\t\t\t\t\t\t\t\t\t\t\t\t\t<img decoding=\"async\" width=\"500\" height=\"650\" src=\"https:\/\/rdcreation.ovh\/wp-content\/uploads\/2020\/04\/port-2-img-5-500x650.jpg\" class=\"attachment-pelicula_image_size_square size-pelicula_image_size_square wp-image-1690\" alt=\"w\" \/>\t\t\t\t\t\t\t\t\t\t\t\t\t\t\t<\/div>\n\t\t\t\t\t<\/div>\n\t\t<\/div>\n\t\t\t\t\t<\/div>\n\t\t<\/section>\n\t\t\t\t<\/div>\n\t\t","protected":false},"excerpt":{"rendered":"<p>VAL\u00c9RIE R\u00c9CHER MON M\u00c9TIER en quelques mots Ce m\u00e9tier est plus qu\u2019un choix, il s\u2019est impos\u00e9 \u00e0 moi. Ce n\u2019est que le prolongement de l\u2019histoire d\u2019une enfant qui ne manquait aucune occasion d\u2019observer et d\u2019\u00e9tudier \u00e0 sa mani\u00e8re le comportement de tous les animaux qui croisaient sa route\u2026 puis de l\u2019observation est venu le d\u00e9sir [&hellip;]<\/p>\n","protected":false},"author":2,"featured_media":3156,"parent":0,"menu_order":0,"comment_status":"closed","ping_status":"closed","template":"","meta":{"footnotes":""},"class_list":["post-3453","page","type-page","status-publish","has-post-thumbnail","hentry"],"_links":{"self":[{"href":"https:\/\/rdcreation.ovh\/index.php?rest_route=\/wp\/v2\/pages\/3453","targetHints":{"allow":["GET"]}}],"collection":[{"href":"https:\/\/rdcreation.ovh\/index.php?rest_route=\/wp\/v2\/pages"}],"about":[{"href":"https:\/\/rdcreation.ovh\/index.php?rest_route=\/wp\/v2\/types\/page"}],"author":[{"embeddable":true,"href":"https:\/\/rdcreation.ovh\/index.php?rest_route=\/wp\/v2\/users\/2"}],"replies":[{"embeddable":true,"href":"https:\/\/rdcreation.ovh\/index.php?rest_route=%2Fwp%2Fv2%2Fcomments&post=3453"}],"version-history":[{"count":16,"href":"https:\/\/rdcreation.ovh\/index.php?rest_route=\/wp\/v2\/pages\/3453\/revisions"}],"predecessor-version":[{"id":3473,"href":"https:\/\/rdcreation.ovh\/index.php?rest_route=\/wp\/v2\/pages\/3453\/revisions\/3473"}],"wp:featuredmedia":[{"embeddable":true,"href":"https:\/\/rdcreation.ovh\/index.php?rest_route=\/wp\/v2\/media\/3156"}],"wp:attachment":[{"href":"https:\/\/rdcreation.ovh\/index.php?rest_route=%2Fwp%2Fv2%2Fmedia&parent=3453"}],"curies":[{"name":"wp","href":"https:\/\/api.w.org\/{rel}","templated":true}]}}