{"id":1251,"date":"2020-03-31T13:48:34","date_gmt":"2020-03-31T13:48:34","guid":{"rendered":"https:\/\/pelicula.qodeinteractive.com\/?page_id=1251"},"modified":"2026-04-02T09:36:36","modified_gmt":"2026-04-02T08:36:36","slug":"our-team","status":"publish","type":"page","link":"https:\/\/rdcreation.ovh\/?page_id=1251","title":{"rendered":"Our Team"},"content":{"rendered":"\t\t<div data-elementor-type=\"wp-page\" data-elementor-id=\"1251\" class=\"elementor elementor-1251\">\n\t\t\t\t\t\t<section class=\"elementor-section elementor-top-section elementor-element elementor-element-2192be3 elementor-section-full_width qodef-elementor-content-grid elementor-section-height-default elementor-section-height-default\" data-id=\"2192be3\" data-element_type=\"section\" data-e-type=\"section\">\n\t\t\t\t\t\t<div class=\"elementor-container elementor-column-gap-no\">\n\t\t\t\t\t<div class=\"elementor-column elementor-col-100 elementor-top-column elementor-element elementor-element-d1f93a4\" data-id=\"d1f93a4\" data-element_type=\"column\" data-e-type=\"column\">\n\t\t\t<div class=\"elementor-widget-wrap elementor-element-populated\">\n\t\t\t\t\t\t<div class=\"elementor-element elementor-element-4aa58b7 elementor-widget elementor-widget-pelicula_core_section_title\" data-id=\"4aa58b7\" data-element_type=\"widget\" data-e-type=\"widget\" data-widget_type=\"pelicula_core_section_title.default\">\n\t\t\t\t<div class=\"elementor-widget-container\">\n\t\t\t\t\t<div class=\"qodef-shortcode qodef-m qodef-section-title qodef-alignment--center\" data-holder-options=\"{&quot;line-breaks&quot;:&quot;&quot;}\">\n\t\t<h6 class=\"qodef-m-tagline\" style=\"color: #6D6D6D\">\n\t\tAVANT TOUT\t<\/h6>\n\t    \t<h2 class=\"qodef-m-title\" >\n\t\t\ton se dit tout...\t<\/h2>\n    \t\t<p class=\"qodef-m-text\" >Lorem ipsum dolor sit amet, consectetur adipisicing elit, sed do eiusmod tempor incididunt ut labore et dolore magna aliqua. Ut enim ad minim veniam, quis nostrud exercitation ullamco laboris nisi ut aliquip ex ea commodo consequat. Duis aute irure dolor in reprehenderit in voluptate velit esse cillum dolore.<\/p>\n<\/div>\t\t\t\t<\/div>\n\t\t\t\t<\/div>\n\t\t\t\t\t<\/div>\n\t\t<\/div>\n\t\t\t\t\t<\/div>\n\t\t<\/section>\n\t\t<div class=\"elementor-element elementor-element-8b76e5b e-flex e-con-boxed e-con e-parent\" data-id=\"8b76e5b\" data-element_type=\"container\" data-e-type=\"container\">\n\t\t\t\t\t<div class=\"e-con-inner\">\n\t\t<div class=\"elementor-element elementor-element-c0cb429 e-con-full e-flex e-con e-child\" data-id=\"c0cb429\" data-element_type=\"container\" data-e-type=\"container\">\n\t\t\t\t<div class=\"elementor-element elementor-element-ccb6362 elementor-widget elementor-widget-image\" data-id=\"ccb6362\" data-element_type=\"widget\" data-e-type=\"widget\" data-widget_type=\"image.default\">\n\t\t\t\t\t\t\t\t\t\t\t\t\t\t\t<img fetchpriority=\"high\" decoding=\"async\" width=\"1024\" height=\"621\" src=\"https:\/\/rdcreation.ovh\/wp-content\/uploads\/2020\/04\/blog-single-img-3-1024x621.jpg\" class=\"attachment-large size-large wp-image-2528\" alt=\"s\" srcset=\"https:\/\/rdcreation.ovh\/wp-content\/uploads\/2020\/04\/blog-single-img-3-1024x621.jpg 1024w, https:\/\/rdcreation.ovh\/wp-content\/uploads\/2020\/04\/blog-single-img-3-600x364.jpg 600w, https:\/\/rdcreation.ovh\/wp-content\/uploads\/2020\/04\/blog-single-img-3-300x182.jpg 300w, https:\/\/rdcreation.ovh\/wp-content\/uploads\/2020\/04\/blog-single-img-3-768x466.jpg 768w, https:\/\/rdcreation.ovh\/wp-content\/uploads\/2020\/04\/blog-single-img-3.jpg 1300w\" sizes=\"(max-width: 1024px) 100vw, 1024px\" \/>\t\t\t\t\t\t\t\t\t\t\t\t\t\t\t<\/div>\n\t\t\t\t<\/div>\n\t\t<div class=\"elementor-element elementor-element-e8a25d9 e-con-full e-flex e-con e-child\" data-id=\"e8a25d9\" data-element_type=\"container\" data-e-type=\"container\">\n\t\t\t\t<div class=\"elementor-element elementor-element-a993103 elementor-widget elementor-widget-qi_addons_for_elementor_section_title\" data-id=\"a993103\" data-element_type=\"widget\" data-e-type=\"widget\" data-widget_type=\"qi_addons_for_elementor_section_title.default\">\n\t\t\t\t<div class=\"elementor-widget-container\">\n\t\t\t\t\t<div class=\"qodef-shortcode qodef-m qodef-qi-section-title qodef-decoration--italic qodef-link--underline-draw qodef-subtitle-icon--left\">\n\t\t\t\t<h5 class=\"qodef-m-subtitle\">\n\t\tAVANT TOUT\t\t\t<\/h5>\n\t\t\t<h2 class=\"qodef-m-title\">\n\t\ton se dit tout...\t<\/h2>\n\t\t\t<div class=\"qodef-m-text\"><ul class=\"ul1\"><li class=\"li1\">Etude du projet\u00a0et de sa faisabilit\u00e9 technique<\/li><li class=\"li1\">D\u00e9finir la logistique en collaboration avec la production<\/li><li class=\"li1\">Conseil technique lors de l'\u00e9criture<\/li><li class=\"li1\">Conseil \u00e0 la r\u00e9alisation lors des lectures<\/li><li class=\"li1\">Estimations des temps de r\u00e9p\u00e9titions des acteurs. rices avec les animaux<\/li><li class=\"li1\">G\u00e9rer la communication avec les \u00e9quipes techniques pour le bien-\u00eatre des animaux et la s\u00e9curit\u00e9 de tous<\/li><\/ul><\/div>\n\t<\/div>\n\t\t\t\t<\/div>\n\t\t\t\t<\/div>\n\t\t\t\t<\/div>\n\t\t\t\t\t<\/div>\n\t\t\t\t<\/div>\n\t\t<div class=\"elementor-element elementor-element-f84886e e-flex e-con-boxed e-con e-parent\" data-id=\"f84886e\" data-element_type=\"container\" data-e-type=\"container\">\n\t\t\t\t\t<div class=\"e-con-inner\">\n\t\t\t\t<div class=\"elementor-element elementor-element-0460fa6 elementor-widget elementor-widget-qi_addons_for_elementor_interactive_banner\" data-id=\"0460fa6\" data-element_type=\"widget\" data-e-type=\"widget\" data-widget_type=\"qi_addons_for_elementor_interactive_banner.default\">\n\t\t\t\t<div class=\"elementor-widget-container\">\n\t\t\t\t\t<div class=\"qodef-shortcode qodef-m qodef-qi-interactive-banner qodef-layout--image-switch qodef--overlay\">\n\t<div class=\"qodef-m-content\">\n\t\t<div class=\"qodef-m-content-inner\">\n\t\t\t\t<h5 class=\"qodef-m-subtitle\">\n\t\tAVEC QUEL ANIMAL\u00a0?\t<\/h5>\n\t\t\t\t<h3 class=\"qodef-m-title\">\n\t\tLe bon est celui qui est en confiance et qui a envie de jouer avec nous...\t<\/h3>\n\t\t\t\t<p class=\"qodef-m-text\">\n\t\tChoix, pr\u00e9paration au plateau et \u00e9ducation \n\t\u2022\tConseil et casting de la race, de l&#039;esp\u00e8ce animale qui sera la plus pertinente pour participer au projet \n\t\u2022\tpr\u00e9paration aux conditions de tournage pour familiariser l&#039;animal \u00e0 \u00e9voluer dans les meilleures dispositions sur le plateau \n\t\u2022\tEducation  aux actions \u00e0 r\u00e9aliser\u00a0: une approche coop\u00e9rative  de l\u2019animal\n\t\u2022\tpour les esp\u00e8ces sauvages\u00a0: nous favorisons la r\u00e9alisation des actions naturelles propres \u00e0 l&#039;esp\u00e8ce \t<\/p>\n\t\t\t\t\t<\/div>\n\t\t<div class=\"qodef-m-image-holder\">\n\t\t\t<div class=\"qodef-m-image\">\n\t<img decoding=\"async\" width=\"1920\" height=\"1100\" src=\"https:\/\/rdcreation.ovh\/wp-content\/uploads\/2020\/05\/home-11-rev-img-1.jpg\" class=\"attachment-full size-full\" alt=\"s\" srcset=\"https:\/\/rdcreation.ovh\/wp-content\/uploads\/2020\/05\/home-11-rev-img-1.jpg 1920w, https:\/\/rdcreation.ovh\/wp-content\/uploads\/2020\/05\/home-11-rev-img-1-600x344.jpg 600w, https:\/\/rdcreation.ovh\/wp-content\/uploads\/2020\/05\/home-11-rev-img-1-300x172.jpg 300w, https:\/\/rdcreation.ovh\/wp-content\/uploads\/2020\/05\/home-11-rev-img-1-1024x587.jpg 1024w, https:\/\/rdcreation.ovh\/wp-content\/uploads\/2020\/05\/home-11-rev-img-1-768x440.jpg 768w, https:\/\/rdcreation.ovh\/wp-content\/uploads\/2020\/05\/home-11-rev-img-1-1536x880.jpg 1536w\" sizes=\"(max-width: 1920px) 100vw, 1920px\" \/><\/div>\n\t\t\t<div class=\"qodef-m-image\">\n\t<img decoding=\"async\" width=\"1300\" height=\"732\" src=\"https:\/\/rdcreation.ovh\/wp-content\/uploads\/2020\/03\/port-2-img-1-2.jpg\" class=\"attachment-full size-full\" alt=\"q\" srcset=\"https:\/\/rdcreation.ovh\/wp-content\/uploads\/2020\/03\/port-2-img-1-2.jpg 1300w, https:\/\/rdcreation.ovh\/wp-content\/uploads\/2020\/03\/port-2-img-1-2-600x338.jpg 600w, https:\/\/rdcreation.ovh\/wp-content\/uploads\/2020\/03\/port-2-img-1-2-300x169.jpg 300w, https:\/\/rdcreation.ovh\/wp-content\/uploads\/2020\/03\/port-2-img-1-2-1024x577.jpg 1024w, https:\/\/rdcreation.ovh\/wp-content\/uploads\/2020\/03\/port-2-img-1-2-768x432.jpg 768w\" sizes=\"(max-width: 1300px) 100vw, 1300px\" \/><\/div>\n\t\t<\/div>\n\t<\/div>\n\t<a itemprop=\"url\" href=\"\" class=\"qodef-m-banner-link\" target=\"_self\"><\/a>\n<\/div>\n\t\t\t\t<\/div>\n\t\t\t\t<\/div>\n\t\t\t\t\t<\/div>\n\t\t\t\t<\/div>\n\t\t<div class=\"elementor-element elementor-element-0588a06 e-flex e-con-boxed e-con e-parent\" data-id=\"0588a06\" data-element_type=\"container\" data-e-type=\"container\">\n\t\t\t\t\t<div class=\"e-con-inner\">\n\t\t\t\t<div class=\"elementor-element elementor-element-db262ef elementor-widget elementor-widget-qi_addons_for_elementor_banner\" data-id=\"db262ef\" data-element_type=\"widget\" data-e-type=\"widget\" data-widget_type=\"qi_addons_for_elementor_banner.default\">\n\t\t\t\t<div class=\"elementor-widget-container\">\n\t\t\t\t\t<div class=\"qodef-shortcode qodef-m qodef-qi-banner qodef-layout--standard qodef-vertical--bottom qodef-horizontal--left qodef-image--hover-zoom\">\n\t<div class=\"qodef-m-image\">\n\t<img loading=\"lazy\" decoding=\"async\" width=\"1920\" height=\"800\" src=\"https:\/\/rdcreation.ovh\/wp-content\/uploads\/2020\/05\/home-3-rev-img-2-2.jpg\" class=\"attachment-full size-full\" alt=\"q\" srcset=\"https:\/\/rdcreation.ovh\/wp-content\/uploads\/2020\/05\/home-3-rev-img-2-2.jpg 1920w, https:\/\/rdcreation.ovh\/wp-content\/uploads\/2020\/05\/home-3-rev-img-2-2-600x250.jpg 600w, https:\/\/rdcreation.ovh\/wp-content\/uploads\/2020\/05\/home-3-rev-img-2-2-300x125.jpg 300w, https:\/\/rdcreation.ovh\/wp-content\/uploads\/2020\/05\/home-3-rev-img-2-2-1024x427.jpg 1024w, https:\/\/rdcreation.ovh\/wp-content\/uploads\/2020\/05\/home-3-rev-img-2-2-768x320.jpg 768w, https:\/\/rdcreation.ovh\/wp-content\/uploads\/2020\/05\/home-3-rev-img-2-2-1536x640.jpg 1536w\" sizes=\"(max-width: 1920px) 100vw, 1920px\" \/><\/div>\n\t<div class=\"qodef-m-content\">\n\t\t<div class=\"qodef-m-content-inner\">\n\t\t\t\t<h5 class=\"qodef-m-subtitle\">\n\t\tLa mise en OEUVRE\t<\/h5>\n\t\t\t\t<h3 class=\"qodef-m-title\">\n\t\tEncadrer, organiser, anticiper pour r\u00e9ussir...\t<\/h3>\n\t\t\t\t<p class=\"qodef-m-text\">\n\t\tJe vous accompagne d\u00e8s la phase de choix de l\u2019animal, en vous conseillant et en r\u00e9alisant un casting pr\u00e9cis de la race ou de l\u2019esp\u00e8ce la plus pertinente selon les besoins du projet. Je mets ensuite en place une pr\u00e9paration en amont afin de familiariser l\u2019animal aux conditions de tournage et lui permettre d\u2019\u00e9voluer sur le plateau dans les meilleures dispositions.\t<\/p>\n\t\t\t\t\t<\/div>\n\t<\/div>\n\t<\/div>\n\t\t\t\t<\/div>\n\t\t\t\t<\/div>\n\t\t\t\t<div class=\"elementor-element elementor-element-62fdf4f elementor-widget-divider--view-line elementor-widget elementor-widget-divider\" data-id=\"62fdf4f\" data-element_type=\"widget\" data-e-type=\"widget\" data-widget_type=\"divider.default\">\n\t\t\t\t\t\t\t<div class=\"elementor-divider\">\n\t\t\t<span class=\"elementor-divider-separator\">\n\t\t\t\t\t\t<\/span>\n\t\t<\/div>\n\t\t\t\t\t\t<\/div>\n\t\t\t\t<div class=\"elementor-element elementor-element-95508a5 elementor-widget elementor-widget-qi_addons_for_elementor_section_title\" data-id=\"95508a5\" data-element_type=\"widget\" data-e-type=\"widget\" data-widget_type=\"qi_addons_for_elementor_section_title.default\">\n\t\t\t\t<div class=\"elementor-widget-container\">\n\t\t\t\t\t<div class=\"qodef-shortcode qodef-m qodef-qi-section-title qodef-decoration--italic qodef-link--underline-draw qodef-subtitle-icon--left\">\n\t\t\t\t<h6 class=\"qodef-m-subtitle\">\n\t\tLA TEAM ALULE\t\t\t<\/h6>\n\t\t\t<h2 class=\"qodef-m-title\">\n\t\tcasting \t<\/h2>\n\t\t\t<\/div>\n\t\t\t\t<\/div>\n\t\t\t\t<\/div>\n\t\t\t\t\t<\/div>\n\t\t\t\t<\/div>\n\t\t\t\t<section class=\"elementor-section elementor-top-section elementor-element elementor-element-49285db elementor-section-full_width qodef-elementor-content-grid elementor-section-height-default elementor-section-height-default\" data-id=\"49285db\" data-element_type=\"section\" data-e-type=\"section\">\n\t\t\t\t\t\t<div class=\"elementor-container elementor-column-gap-no\">\n\t\t\t\t\t<div class=\"elementor-column elementor-col-100 elementor-top-column elementor-element elementor-element-a9bca19\" data-id=\"a9bca19\" data-element_type=\"column\" data-e-type=\"column\">\n\t\t\t<div class=\"elementor-widget-wrap elementor-element-populated\">\n\t\t\t\t\t\t<div class=\"elementor-element elementor-element-248af01 elementor-widget elementor-widget-pelicula_core_team_list\" data-id=\"248af01\" data-element_type=\"widget\" data-e-type=\"widget\" data-widget_type=\"pelicula_core_team_list.default\">\n\t\t\t\t<div class=\"elementor-widget-container\">\n\t\t\t\t\t<div class=\"qodef-shortcode qodef-m qodef-in-focus qodef-team-list qodef-item-layout--info-below qodef-grid qodef-swiper-container qodef-gutter--normal qodef-col-num--3 qodef-item-layout--info-below qodef--no-bottom-space qodef-pagination--off qodef-responsive--predefined\" data-options=\"{&quot;slidesPerView&quot;:&quot;3&quot;,&quot;spaceBetween&quot;:15,&quot;loop&quot;:true,&quot;autoplay&quot;:true,&quot;speed&quot;:&quot;&quot;,&quot;speedAnimation&quot;:&quot;&quot;,&quot;slideAnimation&quot;:&quot;&quot;}\">\n\t<div class=\"swiper-wrapper\">\n\t\t<div class=\"qodef-e qodef-e-holder-main swiper-slide qodef-has-post-media post-1088 team type-team status-publish has-post-thumbnail hentry team-category-about-us\">\n\t<div class=\"qodef-e-inner\">\n\t\t<div class=\"qodef-e-image\">\n\t\t\t\t<div class=\"qodef-e-media-image\">\n\t\t\t\t\t<img loading=\"lazy\" decoding=\"async\" width=\"800\" height=\"800\" src=\"https:\/\/rdcreation.ovh\/wp-content\/uploads\/2020\/03\/p1-team-img-1.jpg\" class=\"attachment-full size-full wp-post-image\" alt=\"a\" srcset=\"https:\/\/rdcreation.ovh\/wp-content\/uploads\/2020\/03\/p1-team-img-1.jpg 800w, https:\/\/rdcreation.ovh\/wp-content\/uploads\/2020\/03\/p1-team-img-1-300x300.jpg 300w, https:\/\/rdcreation.ovh\/wp-content\/uploads\/2020\/03\/p1-team-img-1-100x100.jpg 100w, https:\/\/rdcreation.ovh\/wp-content\/uploads\/2020\/03\/p1-team-img-1-600x600.jpg 600w, https:\/\/rdcreation.ovh\/wp-content\/uploads\/2020\/03\/p1-team-img-1-150x150.jpg 150w, https:\/\/rdcreation.ovh\/wp-content\/uploads\/2020\/03\/p1-team-img-1-768x768.jpg 768w, https:\/\/rdcreation.ovh\/wp-content\/uploads\/2020\/03\/p1-team-img-1-650x650.jpg 650w\" sizes=\"(max-width: 800px) 100vw, 800px\" \/>\t\t\t<\/div>\n\t\t<\/div>\n\t\t<div class=\"qodef-e-content qodef-e-content-main\" >\n\t\t\t<h4 itemprop=\"name\" class=\"qodef-e-title qodef-e-title-main entry-title\" >\n\t\t\tAlex Gray\t<\/h4>\t\t\t\t<p class=\"qodef-e-role\">\n\t\tMain Director\t<\/p>\n\t\t\t\t\t<\/div>\n\t<\/div>\n<\/div><div class=\"qodef-e qodef-e-holder-main swiper-slide qodef-has-post-media post-1089 team type-team status-publish has-post-thumbnail hentry team-category-about-us\">\n\t<div class=\"qodef-e-inner\">\n\t\t<div class=\"qodef-e-image\">\n\t\t\t\t<div class=\"qodef-e-media-image\">\n\t\t\t\t\t<img loading=\"lazy\" decoding=\"async\" width=\"1922\" height=\"2560\" src=\"https:\/\/rdcreation.ovh\/wp-content\/uploads\/2020\/03\/19EE9ED7-5458-447E-A8D1-B1A8048105E2-scaled.jpeg\" class=\"attachment-full size-full wp-post-image\" alt=\"\" srcset=\"https:\/\/rdcreation.ovh\/wp-content\/uploads\/2020\/03\/19EE9ED7-5458-447E-A8D1-B1A8048105E2-scaled.jpeg 1922w, https:\/\/rdcreation.ovh\/wp-content\/uploads\/2020\/03\/19EE9ED7-5458-447E-A8D1-B1A8048105E2-225x300.jpeg 225w, https:\/\/rdcreation.ovh\/wp-content\/uploads\/2020\/03\/19EE9ED7-5458-447E-A8D1-B1A8048105E2-769x1024.jpeg 769w, https:\/\/rdcreation.ovh\/wp-content\/uploads\/2020\/03\/19EE9ED7-5458-447E-A8D1-B1A8048105E2-768x1023.jpeg 768w, https:\/\/rdcreation.ovh\/wp-content\/uploads\/2020\/03\/19EE9ED7-5458-447E-A8D1-B1A8048105E2-1153x1536.jpeg 1153w, https:\/\/rdcreation.ovh\/wp-content\/uploads\/2020\/03\/19EE9ED7-5458-447E-A8D1-B1A8048105E2-1538x2048.jpeg 1538w\" sizes=\"(max-width: 1922px) 100vw, 1922px\" \/>\t\t\t<\/div>\n\t\t<\/div>\n\t\t<div class=\"qodef-e-content qodef-e-content-main\" >\n\t\t\t<h4 itemprop=\"name\" class=\"qodef-e-title qodef-e-title-main entry-title\" >\n\t\t\tT&rsquo;aime Longsteen\t<\/h4>\t\t\t\t<p class=\"qodef-e-role\">\n\t\tMain Writer\t<\/p>\n\t\t\t\t\t<\/div>\n\t<\/div>\n<\/div><div class=\"qodef-e qodef-e-holder-main swiper-slide qodef-has-post-media post-1092 team type-team status-publish has-post-thumbnail hentry team-category-about-us\">\n\t<div class=\"qodef-e-inner\">\n\t\t<div class=\"qodef-e-image\">\n\t\t\t\t<div class=\"qodef-e-media-image\">\n\t\t\t\t\t<img loading=\"lazy\" decoding=\"async\" width=\"1537\" height=\"2048\" src=\"https:\/\/rdcreation.ovh\/wp-content\/uploads\/2020\/03\/PHOTO-2025-02-23-19-39-31.jpg\" class=\"attachment-full size-full wp-post-image\" alt=\"\" srcset=\"https:\/\/rdcreation.ovh\/wp-content\/uploads\/2020\/03\/PHOTO-2025-02-23-19-39-31.jpg 1537w, https:\/\/rdcreation.ovh\/wp-content\/uploads\/2020\/03\/PHOTO-2025-02-23-19-39-31-225x300.jpg 225w, https:\/\/rdcreation.ovh\/wp-content\/uploads\/2020\/03\/PHOTO-2025-02-23-19-39-31-769x1024.jpg 769w, https:\/\/rdcreation.ovh\/wp-content\/uploads\/2020\/03\/PHOTO-2025-02-23-19-39-31-768x1023.jpg 768w, https:\/\/rdcreation.ovh\/wp-content\/uploads\/2020\/03\/PHOTO-2025-02-23-19-39-31-1153x1536.jpg 1153w, https:\/\/rdcreation.ovh\/wp-content\/uploads\/2020\/03\/PHOTO-2025-02-23-19-39-31-600x799.jpg 600w\" sizes=\"(max-width: 1537px) 100vw, 1537px\" \/>\t\t\t<\/div>\n\t\t<\/div>\n\t\t<div class=\"qodef-e-content qodef-e-content-main\" >\n\t\t\t<h4 itemprop=\"name\" class=\"qodef-e-title qodef-e-title-main entry-title\" >\n\t\t\tYuna Riccasso\t<\/h4>\t\t\t\t<p class=\"qodef-e-role\">\n\t\tMain Producer\t<\/p>\n\t\t\t\t\t<\/div>\n\t<\/div>\n<\/div><div class=\"qodef-e qodef-e-holder-main swiper-slide qodef-has-post-media post-1278 team type-team status-publish has-post-thumbnail hentry team-category-team-2\">\n\t<div class=\"qodef-e-inner\">\n\t\t<div class=\"qodef-e-image\">\n\t\t\t\t<div class=\"qodef-e-media-image\">\n\t\t\t\t\t<img loading=\"lazy\" decoding=\"async\" width=\"1110\" height=\"1116\" src=\"https:\/\/rdcreation.ovh\/wp-content\/uploads\/2020\/03\/Capture-decran-2026-04-02-a-10.39.51.png\" class=\"attachment-full size-full wp-post-image\" alt=\"\" srcset=\"https:\/\/rdcreation.ovh\/wp-content\/uploads\/2020\/03\/Capture-decran-2026-04-02-a-10.39.51.png 1110w, https:\/\/rdcreation.ovh\/wp-content\/uploads\/2020\/03\/Capture-decran-2026-04-02-a-10.39.51-298x300.png 298w, https:\/\/rdcreation.ovh\/wp-content\/uploads\/2020\/03\/Capture-decran-2026-04-02-a-10.39.51-1018x1024.png 1018w, https:\/\/rdcreation.ovh\/wp-content\/uploads\/2020\/03\/Capture-decran-2026-04-02-a-10.39.51-150x150.png 150w, https:\/\/rdcreation.ovh\/wp-content\/uploads\/2020\/03\/Capture-decran-2026-04-02-a-10.39.51-768x772.png 768w, https:\/\/rdcreation.ovh\/wp-content\/uploads\/2020\/03\/Capture-decran-2026-04-02-a-10.39.51-600x603.png 600w, https:\/\/rdcreation.ovh\/wp-content\/uploads\/2020\/03\/Capture-decran-2026-04-02-a-10.39.51-100x100.png 100w\" sizes=\"(max-width: 1110px) 100vw, 1110px\" \/>\t\t\t<\/div>\n\t\t<\/div>\n\t\t<div class=\"qodef-e-content qodef-e-content-main\" >\n\t\t\t<h4 itemprop=\"name\" class=\"qodef-e-title qodef-e-title-main entry-title\" >\n\t\t\tJack Wolfe\t<\/h4>\t\t\t\t<p class=\"qodef-e-role\">\n\t\tMain Director\t<\/p>\n\t\t\t\t\t<\/div>\n\t<\/div>\n<\/div><div class=\"qodef-e qodef-e-holder-main swiper-slide qodef-has-post-media post-584 team type-team status-publish has-post-thumbnail hentry team-category-video-production\">\n\t<div class=\"qodef-e-inner\">\n\t\t<div class=\"qodef-e-image\">\n\t\t\t\t<div class=\"qodef-e-media-image\">\n\t\t\t\t\t<img loading=\"lazy\" decoding=\"async\" width=\"800\" height=\"800\" src=\"https:\/\/rdcreation.ovh\/wp-content\/uploads\/2020\/03\/H4-team-image-2.jpg\" class=\"attachment-full size-full wp-post-image\" alt=\"a\" srcset=\"https:\/\/rdcreation.ovh\/wp-content\/uploads\/2020\/03\/H4-team-image-2.jpg 800w, https:\/\/rdcreation.ovh\/wp-content\/uploads\/2020\/03\/H4-team-image-2-300x300.jpg 300w, https:\/\/rdcreation.ovh\/wp-content\/uploads\/2020\/03\/H4-team-image-2-100x100.jpg 100w, https:\/\/rdcreation.ovh\/wp-content\/uploads\/2020\/03\/H4-team-image-2-600x600.jpg 600w, https:\/\/rdcreation.ovh\/wp-content\/uploads\/2020\/03\/H4-team-image-2-150x150.jpg 150w, https:\/\/rdcreation.ovh\/wp-content\/uploads\/2020\/03\/H4-team-image-2-768x768.jpg 768w, https:\/\/rdcreation.ovh\/wp-content\/uploads\/2020\/03\/H4-team-image-2-650x650.jpg 650w\" sizes=\"(max-width: 800px) 100vw, 800px\" \/>\t\t\t<\/div>\n\t\t<\/div>\n\t\t<div class=\"qodef-e-content qodef-e-content-main\" >\n\t\t\t<h4 itemprop=\"name\" class=\"qodef-e-title qodef-e-title-main entry-title\" >\n\t\t\tUmberto Pagoda\t<\/h4>\t\t\t\t<p class=\"qodef-e-role\">\n\t\tMain Writer\t<\/p>\n\t\t\t\t\t<\/div>\n\t<\/div>\n<\/div><div class=\"qodef-e qodef-e-holder-main swiper-slide qodef-has-post-media post-1281 team type-team status-publish has-post-thumbnail hentry team-category-team-2\">\n\t<div class=\"qodef-e-inner\">\n\t\t<div class=\"qodef-e-image\">\n\t\t\t\t<div class=\"qodef-e-media-image\">\n\t\t\t\t\t<img loading=\"lazy\" decoding=\"async\" width=\"800\" height=\"800\" src=\"https:\/\/rdcreation.ovh\/wp-content\/uploads\/2020\/03\/p4-team-image-2.jpg\" class=\"attachment-full size-full wp-post-image\" alt=\"a\" srcset=\"https:\/\/rdcreation.ovh\/wp-content\/uploads\/2020\/03\/p4-team-image-2.jpg 800w, https:\/\/rdcreation.ovh\/wp-content\/uploads\/2020\/03\/p4-team-image-2-300x300.jpg 300w, https:\/\/rdcreation.ovh\/wp-content\/uploads\/2020\/03\/p4-team-image-2-100x100.jpg 100w, https:\/\/rdcreation.ovh\/wp-content\/uploads\/2020\/03\/p4-team-image-2-600x600.jpg 600w, https:\/\/rdcreation.ovh\/wp-content\/uploads\/2020\/03\/p4-team-image-2-150x150.jpg 150w, https:\/\/rdcreation.ovh\/wp-content\/uploads\/2020\/03\/p4-team-image-2-768x768.jpg 768w, https:\/\/rdcreation.ovh\/wp-content\/uploads\/2020\/03\/p4-team-image-2-650x650.jpg 650w\" sizes=\"(max-width: 800px) 100vw, 800px\" \/>\t\t\t<\/div>\n\t\t<\/div>\n\t\t<div class=\"qodef-e-content qodef-e-content-main\" >\n\t\t\t<h4 itemprop=\"name\" class=\"qodef-e-title qodef-e-title-main entry-title\" >\n\t\t\tTalian Neki\t<\/h4>\t\t\t\t<p class=\"qodef-e-role\">\n\t\tMain Producer\t<\/p>\n\t\t\t\t\t<\/div>\n\t<\/div>\n<\/div>\t<\/div>\n\t\t<\/div>\t\t\t\t<\/div>\n\t\t\t\t<\/div>\n\t\t\t\t\t<\/div>\n\t\t<\/div>\n\t\t\t\t\t<\/div>\n\t\t<\/section>\n\t\t\t\t<\/div>\n\t\t","protected":false},"excerpt":{"rendered":"<p>AVANT TOUT on se dit tout&#8230; Lorem ipsum dolor sit amet, consectetur adipisicing elit, sed do eiusmod tempor incididunt ut labore et dolore magna aliqua. Ut enim ad minim veniam, quis nostrud exercitation ullamco laboris nisi ut aliquip ex ea commodo consequat. Duis aute irure dolor in reprehenderit in voluptate velit esse cillum dolore. AVANT [&hellip;]<\/p>\n","protected":false},"author":2,"featured_media":0,"parent":0,"menu_order":0,"comment_status":"closed","ping_status":"closed","template":"page-full-width.php","meta":{"footnotes":""},"class_list":["post-1251","page","type-page","status-publish","hentry"],"_links":{"self":[{"href":"https:\/\/rdcreation.ovh\/index.php?rest_route=\/wp\/v2\/pages\/1251","targetHints":{"allow":["GET"]}}],"collection":[{"href":"https:\/\/rdcreation.ovh\/index.php?rest_route=\/wp\/v2\/pages"}],"about":[{"href":"https:\/\/rdcreation.ovh\/index.php?rest_route=\/wp\/v2\/types\/page"}],"author":[{"embeddable":true,"href":"https:\/\/rdcreation.ovh\/index.php?rest_route=\/wp\/v2\/users\/2"}],"replies":[{"embeddable":true,"href":"https:\/\/rdcreation.ovh\/index.php?rest_route=%2Fwp%2Fv2%2Fcomments&post=1251"}],"version-history":[{"count":6,"href":"https:\/\/rdcreation.ovh\/index.php?rest_route=\/wp\/v2\/pages\/1251\/revisions"}],"predecessor-version":[{"id":3492,"href":"https:\/\/rdcreation.ovh\/index.php?rest_route=\/wp\/v2\/pages\/1251\/revisions\/3492"}],"wp:attachment":[{"href":"https:\/\/rdcreation.ovh\/index.php?rest_route=%2Fwp%2Fv2%2Fmedia&parent=1251"}],"curies":[{"name":"wp","href":"https:\/\/api.w.org\/{rel}","templated":true}]}}